{"id":308,"date":"2020-01-13T12:17:52","date_gmt":"2020-01-13T11:17:52","guid":{"rendered":"https:\/\/demosites.io\/web-agency-gb\/?page_id=5"},"modified":"2025-10-06T15:23:29","modified_gmt":"2025-10-06T13:23:29","slug":"15c42-web-agency-gb-home","status":"publish","type":"page","link":"https:\/\/les-lourdes-dingues.fr\/","title":{"rendered":"ACCUEIL"},"content":{"rendered":"\n<figure class=\"wp-block-image alignfull size-large\"><img loading=\"lazy\" decoding=\"async\" width=\"1024\" height=\"576\" src=\"http:\/\/les-lourdes-dingues.fr\/wp-content\/uploads\/2025\/05\/Export_1.22.1-1-3-1024x576.jpg\" alt=\"\" class=\"wp-image-555\" srcset=\"https:\/\/les-lourdes-dingues.fr\/wp-content\/uploads\/2025\/05\/Export_1.22.1-1-3-1024x576.jpg 1024w, https:\/\/les-lourdes-dingues.fr\/wp-content\/uploads\/2025\/05\/Export_1.22.1-1-3-300x169.jpg 300w, https:\/\/les-lourdes-dingues.fr\/wp-content\/uploads\/2025\/05\/Export_1.22.1-1-3-768x432.jpg 768w, https:\/\/les-lourdes-dingues.fr\/wp-content\/uploads\/2025\/05\/Export_1.22.1-1-3-1536x864.jpg 1536w, https:\/\/les-lourdes-dingues.fr\/wp-content\/uploads\/2025\/05\/Export_1.22.1-1-3-2048x1152.jpg 2048w\" sizes=\"auto, (max-width: 1024px) 100vw, 1024px\" \/><\/figure>\n\n\n\n<div class=\"wp-block-cover alignfull\" style=\"min-height:549px;aspect-ratio:unset;\"><span aria-hidden=\"true\" class=\"wp-block-cover__background has-nv-site-bg-background-color has-background-dim-100 has-background-dim\"><\/span><div class=\"wp-block-cover__inner-container is-layout-flow wp-block-cover-is-layout-flow\">\n<div class=\"wp-block-cover alignfull\" style=\"min-height:549px;aspect-ratio:unset;\"><span aria-hidden=\"true\" class=\"wp-block-cover__background has-nv-site-bg-background-color has-background-dim-100 has-background-dim\"><\/span><div class=\"wp-block-cover__inner-container is-layout-flow wp-block-cover-is-layout-flow\">\n<div style=\"height:40px\" aria-hidden=\"true\" class=\"wp-block-spacer\"><\/div>\n\n\n\n<div class=\"wp-block-group\"><div class=\"wp-block-group__inner-container is-layout-flow wp-block-group-is-layout-flow\">\n<div class=\"wp-block-columns are-vertically-aligned-center is-layout-flex wp-container-core-columns-is-layout-9d6595d7 wp-block-columns-is-layout-flex\">\n<div class=\"wp-block-column is-vertically-aligned-center is-layout-flow wp-block-column-is-layout-flow\" style=\"flex-basis:50%\">\n<h2 class=\"wp-block-heading has-text-align-left has-neve-text-color-color has-text-color\">Qui sommes-nous ? <\/h2>\n\n\n\n<p class=\"has-text-align-left has-neve-text-color-color has-text-color\" style=\"font-size:17px\">Cr\u00e9\u00e9e en 2016, la troupe des Lourdes Dingues pr\u00e9sente chaque ann\u00e9e une pi\u00e8ce de th\u00e9\u00e2tre dont les profits permettent \u00e0 des personnes malades, \u00e2g\u00e9es ou porteuses de handicap ayant peu de ressources de participer au P\u00e8lerinage National de Lourdes. Elle est compos\u00e9e d&rsquo;une vingtaine de jeunes qui servent chaque \u00e9t\u00e9 \u00e0 Lourdes en tant qu&rsquo;hospitaliers.<\/p>\n\n\n\n<div class=\"wp-block-buttons is-horizontal is-content-justification-left is-layout-flex wp-container-core-buttons-is-layout-7e5fce0a wp-block-buttons-is-layout-flex\">\n<div class=\"wp-block-button is-style-primary\"><a class=\"wp-block-button__link has-nv-site-bg-color has-text-color has-background wp-element-button\" href=\"https:\/\/www.pelerinage-national.org\" style=\"background:linear-gradient(135deg,rgb(237,38,111) 0%,rgb(103,71,167) 100%)\" target=\"_blank\" rel=\"noreferrer noopener\">En savoir plus sur le P\u00e8lerinage \ud83d\ude4f<\/a><\/div>\n<\/div>\n\n\n\n<div style=\"height:40px\" aria-hidden=\"true\" class=\"wp-block-spacer\"><\/div>\n<\/div>\n\n\n\n<div class=\"wp-block-column is-vertically-aligned-center is-layout-flow wp-block-column-is-layout-flow\"><\/div>\n\n\n\n<div class=\"wp-block-column is-vertically-aligned-center is-layout-flow wp-block-column-is-layout-flow\" style=\"flex-basis:50%\">\n<figure class=\"wp-block-image size-large is-resized\"><img loading=\"lazy\" decoding=\"async\" width=\"2560\" height=\"1706\" src=\"https:\/\/les-lourdes-dingues.fr\/wp-content\/uploads\/2022\/04\/nick-castelli-mnctB7nxJiQ-unsplash-edited-scaled.jpg\" alt=\"\" class=\"wp-image-362\" style=\"width:656px\" srcset=\"https:\/\/les-lourdes-dingues.fr\/wp-content\/uploads\/2022\/04\/nick-castelli-mnctB7nxJiQ-unsplash-edited-scaled.jpg 2560w, https:\/\/les-lourdes-dingues.fr\/wp-content\/uploads\/2022\/04\/nick-castelli-mnctB7nxJiQ-unsplash-edited-300x200.jpg 300w, https:\/\/les-lourdes-dingues.fr\/wp-content\/uploads\/2022\/04\/nick-castelli-mnctB7nxJiQ-unsplash-edited-1024x682.jpg 1024w, https:\/\/les-lourdes-dingues.fr\/wp-content\/uploads\/2022\/04\/nick-castelli-mnctB7nxJiQ-unsplash-edited-768x512.jpg 768w, https:\/\/les-lourdes-dingues.fr\/wp-content\/uploads\/2022\/04\/nick-castelli-mnctB7nxJiQ-unsplash-edited-1536x1024.jpg 1536w, https:\/\/les-lourdes-dingues.fr\/wp-content\/uploads\/2022\/04\/nick-castelli-mnctB7nxJiQ-unsplash-edited-2048x1365.jpg 2048w, https:\/\/les-lourdes-dingues.fr\/wp-content\/uploads\/2022\/04\/nick-castelli-mnctB7nxJiQ-unsplash-edited-930x620.jpg 930w\" sizes=\"auto, (max-width: 2560px) 100vw, 2560px\" \/><\/figure>\n<\/div>\n<\/div>\n<\/div><\/div>\n<\/div><\/div>\n\n\n\n<div style=\"height:40px\" aria-hidden=\"true\" class=\"wp-block-spacer\"><\/div>\n\n\n\n<div class=\"wp-block-cover alignfull\" style=\"min-height:600px;aspect-ratio:unset;\"><span aria-hidden=\"true\" class=\"wp-block-cover__background has-background-dim-100 has-background-dim\" style=\"background-color:#3b527d\"><\/span><div class=\"wp-block-cover__inner-container is-layout-flow wp-block-cover-is-layout-flow\">\n<div style=\"height:40px\" aria-hidden=\"true\" class=\"wp-block-spacer\"><\/div>\n\n\n\n<div class=\"wp-block-group\"><div class=\"wp-block-group__inner-container is-layout-flow wp-block-group-is-layout-flow\">\n<div class=\"wp-block-columns are-vertically-aligned-center is-layout-flex wp-container-core-columns-is-layout-9d6595d7 wp-block-columns-is-layout-flex\">\n<div class=\"wp-block-column is-vertically-aligned-center is-layout-flow wp-block-column-is-layout-flow\" style=\"flex-basis:50%\">\n<figure class=\"wp-block-gallery alignleft has-nested-images columns-default is-cropped wp-block-gallery-1 is-layout-flex wp-block-gallery-is-layout-flex\">\n<figure class=\"wp-block-image size-full size-large\"><img loading=\"lazy\" decoding=\"async\" width=\"1587\" height=\"2245\" data-id=\"551\" src=\"https:\/\/les-lourdes-dingues.fr\/wp-content\/uploads\/2025\/05\/Affiche-off-Tierce-Gagnant-3-1.png\" alt=\"\" class=\"wp-image-551\" srcset=\"https:\/\/les-lourdes-dingues.fr\/wp-content\/uploads\/2025\/05\/Affiche-off-Tierce-Gagnant-3-1.png 1587w, https:\/\/les-lourdes-dingues.fr\/wp-content\/uploads\/2025\/05\/Affiche-off-Tierce-Gagnant-3-1-212x300.png 212w, https:\/\/les-lourdes-dingues.fr\/wp-content\/uploads\/2025\/05\/Affiche-off-Tierce-Gagnant-3-1-724x1024.png 724w, https:\/\/les-lourdes-dingues.fr\/wp-content\/uploads\/2025\/05\/Affiche-off-Tierce-Gagnant-3-1-768x1086.png 768w, https:\/\/les-lourdes-dingues.fr\/wp-content\/uploads\/2025\/05\/Affiche-off-Tierce-Gagnant-3-1-1086x1536.png 1086w, https:\/\/les-lourdes-dingues.fr\/wp-content\/uploads\/2025\/05\/Affiche-off-Tierce-Gagnant-3-1-1448x2048.png 1448w\" sizes=\"auto, (max-width: 1587px) 100vw, 1587px\" \/><\/figure>\n<\/figure>\n<\/div>\n\n\n\n<div class=\"wp-block-column is-vertically-aligned-center is-layout-flow wp-block-column-is-layout-flow\" style=\"flex-basis:50%\">\n<h2 class=\"wp-block-heading has-text-align-left has-nv-text-dark-bg-color has-text-color\">Nos repr\u00e9sentations<\/h2>\n\n\n\n<p class=\"has-text-align-left has-nv-text-dark-bg-color has-text-color\" style=\"font-size:17px\">Cette ann\u00e9e, la troupe jouera \u00ab\u00a0Tierc\u00e9 Gagnant\u00a0\u00bb, une com\u00e9die de John Chapman, <strong>du lundi 30 juin au samedi 5 juillet 202<\/strong>5 au th\u00e9\u00e2tre du Lyc\u00e9e La Rochefoucauld (Paris 7\u00e8me). Venez nous voir !<\/p>\n\n\n\n<p class=\"has-nv-site-bg-color has-text-color has-link-color wp-elements-d8709c5942289b107401ba43961453b3\">Mais que raconte la pi\u00e8ce ?<\/p>\n\n\n\n<p class=\"has-nv-site-bg-color has-text-color has-link-color wp-elements-3871c8a45ce71a0fe1b97e42e8bc248d\">Le Colonel \u00e0 la retraite Henri de la Haie et sa femme Adrienne, ainsi que leur fille Laure viennent d\u2019acqu\u00e9rir le charmant h\u00f4tel particulier Le Joyeux Ermite, situ\u00e9 tout pr\u00e8s des champs de courses de Chantilly, et vendu avec Anna, la bonne, un poil d\u00e9jant\u00e9e.<\/p>\n\n\n\n<p class=\"has-nv-site-bg-color has-text-color has-link-color wp-elements-5ea527cb29050ef8b3652340c93d0da3\">Leurs premiers clients, Fr\u00e9d\u00e9ric Rapon, un faux propri\u00e9taire-\u00e9leveur, accompagn\u00e9 de son bras droit plut\u00f4t gauche Ange Pitou, et \u00e9paul\u00e9 par Betty la Frime d\u00e9barquent dans le paisible h\u00f4tel afin de monter leur nouveau coup : kidnapper le cheval favori, Royal Dream, mont\u00e9 par le c\u00e9l\u00e8bre jockey britannique Gloucester, le remplacer par une vieille jument tocarde Douce Lavande et r\u00e9cup\u00e9rer&nbsp;le joli pactole des parieurs.<\/p>\n\n\n\n<div class=\"wp-block-buttons is-layout-flex wp-block-buttons-is-layout-flex\">\n<div class=\"wp-block-button is-style-secondary\"><a class=\"wp-block-button__link has-nv-site-bg-color has-text-color has-background wp-element-button\" href=\"https:\/\/www.helloasso.com\/associations\/les-lourdes-dingues\/evenements\/tierce-gagnant-la-nouvelle-piece-des-lourdes-dingues\" style=\"background:linear-gradient(135deg,rgba(191,19,0,0.92) 0%,rgba(157,71,166,0.94) 100%)\" target=\"_blank\" rel=\"noreferrer noopener\"><strong>Je prends ma place ! \ud83d\udcaa\ud83e\udd29<\/strong><\/a><\/div>\n<\/div>\n<\/div>\n<\/div>\n<\/div><\/div>\n\n\n\n<div style=\"height:40px\" aria-hidden=\"true\" class=\"wp-block-spacer\"><\/div>\n<\/div><\/div>\n\n\n\n<div class=\"wp-block-cover alignfull\" style=\"min-height:549px;aspect-ratio:unset;\"><span aria-hidden=\"true\" class=\"wp-block-cover__background has-nv-site-bg-background-color has-background-dim-100 has-background-dim\"><\/span><div class=\"wp-block-cover__inner-container is-layout-flow wp-block-cover-is-layout-flow\">\n<div style=\"height:40px\" aria-hidden=\"true\" class=\"wp-block-spacer\"><\/div>\n\n\n\n<div class=\"wp-block-group\"><div class=\"wp-block-group__inner-container is-layout-flow wp-block-group-is-layout-flow\">\n<div class=\"wp-block-columns are-vertically-aligned-center is-layout-flex wp-container-core-columns-is-layout-9d6595d7 wp-block-columns-is-layout-flex\">\n<div class=\"wp-block-column is-vertically-aligned-center is-layout-flow wp-block-column-is-layout-flow\" style=\"flex-basis:50%\">\n<div style=\"height:40px\" aria-hidden=\"true\" class=\"wp-block-spacer\"><\/div>\n\n\n\n<h2 class=\"wp-block-heading has-text-align-left has-neve-text-color-color has-text-color\">Nous soutenir<\/h2>\n\n\n\n<p class=\"has-text-align-left has-neve-text-color-color has-text-color\" style=\"font-size:17px\">L&rsquo;association repose enti\u00e8rement sur les recettes des repr\u00e9sentations et les dons personnels. Nous soutenir financi\u00e8rement permet d&rsquo;assurer les conditions mat\u00e9rielles des repr\u00e9sentations (d\u00e9cors, costumes, logistiques, etc.) et d&rsquo;aider des personnes malades, \u00e2g\u00e9es ou handicap\u00e9es ayant peu de ressources financi\u00e8res \u00e0 participer au P\u00e8lerinage Nationale de Lourdes. <\/p>\n\n\n\n<div class=\"wp-block-buttons is-layout-flex wp-block-buttons-is-layout-flex\">\n<div class=\"wp-block-button\"><a class=\"wp-block-button__link has-background wp-element-button\" href=\"https:\/\/www.helloasso.com\/associations\/les-lourdes-dingues\/formulaires\/3\/widget\" style=\"background:linear-gradient(135deg,rgb(237,38,111) 0%,rgb(103,71,167) 94%)\" target=\"_blank\" rel=\"noreferrer noopener\"><strong>\ud83d\udcb8<\/strong> Je fais un don ! \ud83d\udcb8<\/a><\/div>\n<\/div>\n\n\n\n<div style=\"height:40px\" aria-hidden=\"true\" class=\"wp-block-spacer\"><\/div>\n<\/div>\n\n\n\n<div class=\"wp-block-column is-vertically-aligned-center is-layout-flow wp-block-column-is-layout-flow\" style=\"flex-basis:50%\">\n<div style=\"height:40px\" aria-hidden=\"true\" class=\"wp-block-spacer\"><\/div>\n\n\n\n<figure class=\"wp-block-image size-large is-resized\"><img loading=\"lazy\" decoding=\"async\" width=\"2498\" height=\"1873\" src=\"https:\/\/les-lourdes-dingues.fr\/wp-content\/uploads\/2022\/04\/kamil-szumotalski-BB-I-X3imec-unsplash-edited-1.jpg\" alt=\"\" class=\"wp-image-368\" style=\"width:499px\" srcset=\"https:\/\/les-lourdes-dingues.fr\/wp-content\/uploads\/2022\/04\/kamil-szumotalski-BB-I-X3imec-unsplash-edited-1.jpg 2498w, https:\/\/les-lourdes-dingues.fr\/wp-content\/uploads\/2022\/04\/kamil-szumotalski-BB-I-X3imec-unsplash-edited-1-300x225.jpg 300w, https:\/\/les-lourdes-dingues.fr\/wp-content\/uploads\/2022\/04\/kamil-szumotalski-BB-I-X3imec-unsplash-edited-1-1024x768.jpg 1024w, https:\/\/les-lourdes-dingues.fr\/wp-content\/uploads\/2022\/04\/kamil-szumotalski-BB-I-X3imec-unsplash-edited-1-768x576.jpg 768w, https:\/\/les-lourdes-dingues.fr\/wp-content\/uploads\/2022\/04\/kamil-szumotalski-BB-I-X3imec-unsplash-edited-1-1536x1152.jpg 1536w, https:\/\/les-lourdes-dingues.fr\/wp-content\/uploads\/2022\/04\/kamil-szumotalski-BB-I-X3imec-unsplash-edited-1-2048x1536.jpg 2048w\" sizes=\"auto, (max-width: 2498px) 100vw, 2498px\" \/><\/figure>\n\n\n\n<div style=\"height:60px\" aria-hidden=\"true\" class=\"wp-block-spacer\"><\/div>\n<\/div>\n<\/div>\n<\/div><\/div>\n\n\n\n<div style=\"height:40px\" aria-hidden=\"true\" class=\"wp-block-spacer\"><\/div>\n\n\n\n<div class=\"wp-block-cover alignfull\" style=\"min-height:600px;aspect-ratio:unset;\"><span aria-hidden=\"true\" class=\"wp-block-cover__background has-background-dim-100 has-background-dim\" style=\"background-color:#3b527d\"><\/span><div class=\"wp-block-cover__inner-container is-layout-flow wp-block-cover-is-layout-flow\">\n<div class=\"wp-block-group\"><div class=\"wp-block-group__inner-container is-layout-flow wp-block-group-is-layout-flow\">\n<div class=\"wp-block-columns are-vertically-aligned-center is-layout-flex wp-container-core-columns-is-layout-9d6595d7 wp-block-columns-is-layout-flex\">\n<div class=\"wp-block-column is-vertically-aligned-center is-layout-flow wp-block-column-is-layout-flow\" style=\"flex-basis:50%\"><div class=\"wp-block-image size-large\">\n<figure class=\"alignleft\"><img loading=\"lazy\" decoding=\"async\" width=\"1024\" height=\"576\" src=\"https:\/\/les-lourdes-dingues.fr\/wp-content\/uploads\/2025\/05\/Export_1.22.1-1-1-1024x576.jpg\" alt=\"\" class=\"wp-image-549\" srcset=\"https:\/\/les-lourdes-dingues.fr\/wp-content\/uploads\/2025\/05\/Export_1.22.1-1-1-1024x576.jpg 1024w, https:\/\/les-lourdes-dingues.fr\/wp-content\/uploads\/2025\/05\/Export_1.22.1-1-1-300x169.jpg 300w, https:\/\/les-lourdes-dingues.fr\/wp-content\/uploads\/2025\/05\/Export_1.22.1-1-1-768x432.jpg 768w, https:\/\/les-lourdes-dingues.fr\/wp-content\/uploads\/2025\/05\/Export_1.22.1-1-1-1536x864.jpg 1536w, https:\/\/les-lourdes-dingues.fr\/wp-content\/uploads\/2025\/05\/Export_1.22.1-1-1-2048x1152.jpg 2048w\" sizes=\"auto, (max-width: 1024px) 100vw, 1024px\" \/><\/figure>\n<\/div><\/div>\n\n\n\n<div class=\"wp-block-column is-vertically-aligned-center is-layout-flow wp-block-column-is-layout-flow\" style=\"flex-basis:50%\">\n<h2 class=\"wp-block-heading has-text-align-left has-nv-text-dark-bg-color has-text-color\">NOUS CONTACTER<\/h2>\n\n\n\n<p class=\"has-text-align-left has-nv-text-dark-bg-color has-text-color\" style=\"font-size:17px\">Une question ? Un petit mot doux \u00e0 nous envoyer ?<\/p>\n\n\n\n<div class=\"wp-block-buttons is-layout-flex wp-block-buttons-is-layout-flex\">\n<div class=\"wp-block-button\"><a class=\"wp-block-button__link has-background wp-element-button\" href=\"mailto:contact@les-lourdes-dingues.fr\" style=\"background:linear-gradient(135deg,rgb(237,38,111) 0%,rgb(103,71,167) 100%)\" target=\"_blank\" rel=\"noreferrer noopener\"><strong>\u00c9crivez-nous <\/strong>\ud83d\udcdd<\/a><\/div>\n<\/div>\n\n\n\n<p class=\"has-nv-site-bg-color has-text-color has-link-color wp-elements-05962752ae56814c8ba9a323daf7a41e\">Abonnez-vous \u00e0 notre infolettre pour \u00eatre tenus inform\u00e9s des futures repr\u00e9sentations et de l&rsquo;ouverture de la billetterie :<\/p>\n\n\n\n<div class=\"wp-block-buttons is-layout-flex wp-block-buttons-is-layout-flex\">\n<div class=\"wp-block-button\"><a class=\"wp-block-button__link has-background wp-element-button\" href=\"https:\/\/docs.google.com\/forms\/d\/e\/1FAIpQLSfeaQo55c4Dwd7MXJ0mm5rk7Z49NxSspvhC1TWUZgbEfpRaAw\/viewform?usp=sf_link\" style=\"background:linear-gradient(135deg,rgb(237,38,111) 0%,rgb(103,71,167) 100%)\" target=\"_blank\" rel=\"noreferrer noopener\"><strong>Je m&rsquo;abonne \ud83d\udc8c<\/strong><\/a><\/div>\n<\/div>\n<\/div>\n<\/div>\n<\/div><\/div>\n<\/div><\/div>\n<\/div><\/div>\n<\/div><\/div>\n\n\n\n<h2 class=\"wp-block-heading\">membres 2025-2026 : les dates d&rsquo;engagement de l&rsquo;ann\u00e9e<\/h2>\n\n\n\n<ul class=\"wp-block-list\">\n<li>Chaque mardi soir entre le 21 octobre et le 30 juin pour les com\u00e9diens, entre 19h00 et 22h00 (plage horaire de deux heures \u00e0 confirmer tous ensemble \u00e0 l\u2019issue du recrutement) ;<\/li>\n\n\n\n<li>3 week-ends de r\u00e9p\u00e9tition dans l&rsquo;ann\u00e9e, du soir du premier jour au soir du dernier jour :\n<ul class=\"wp-block-list\">\n<li>23-24-25 janvier ;<\/li>\n\n\n\n<li>13-14-15 ou 20-21-22 mars ;<\/li>\n\n\n\n<li>07-08-09-10 ou 29-30-31 ou 15-16-17 ou 22-23-24 mai ;<\/li>\n<\/ul>\n<\/li>\n\n\n\n<li>Une semaine de repr\u00e9sentation au d\u00e9but de l&rsquo;\u00e9t\u00e9, les soirs du 29 juin au 04 juillet ou du 06 au 11 juillet (d\u00e9termin\u00e9 en novembre avec le th\u00e9\u00e2tre) ;<\/li>\n\n\n\n<li>Le week-end pr\u00e9c\u00e9dent cette semaine pour le montage des d\u00e9cors et la r\u00e9p\u00e9tition g\u00e9n\u00e9rale et le dimanche de la semaine de repr\u00e9sentation pour le d\u00e9montage des d\u00e9cors ;<\/li>\n\n\n\n<li>La semaine du 10 au 16 ao\u00fbt pour le P\u00e8lerinage National de Lourdes.<\/li>\n<\/ul>\n","protected":false},"excerpt":{"rendered":"<p>membres 2025-2026 : les dates d&rsquo;engagement de l&rsquo;ann\u00e9e<\/p>\n","protected":false},"author":1,"featured_media":552,"parent":0,"menu_order":0,"comment_status":"closed","ping_status":"closed","template":"","meta":{"neve_meta_sidebar":"default","neve_meta_container":"default","neve_meta_enable_content_width":"on","neve_meta_content_width":100,"neve_meta_title_alignment":"","neve_meta_author_avatar":"","neve_post_elements_order":"","neve_meta_disable_header":"","neve_meta_disable_footer":"","neve_meta_disable_title":"on","footnotes":""},"class_list":["post-308","page","type-page","status-publish","has-post-thumbnail","hentry"],"_links":{"self":[{"href":"https:\/\/les-lourdes-dingues.fr\/index.php\/wp-json\/wp\/v2\/pages\/308","targetHints":{"allow":["GET"]}}],"collection":[{"href":"https:\/\/les-lourdes-dingues.fr\/index.php\/wp-json\/wp\/v2\/pages"}],"about":[{"href":"https:\/\/les-lourdes-dingues.fr\/index.php\/wp-json\/wp\/v2\/types\/page"}],"author":[{"embeddable":true,"href":"https:\/\/les-lourdes-dingues.fr\/index.php\/wp-json\/wp\/v2\/users\/1"}],"replies":[{"embeddable":true,"href":"https:\/\/les-lourdes-dingues.fr\/index.php\/wp-json\/wp\/v2\/comments?post=308"}],"version-history":[{"count":86,"href":"https:\/\/les-lourdes-dingues.fr\/index.php\/wp-json\/wp\/v2\/pages\/308\/revisions"}],"predecessor-version":[{"id":563,"href":"https:\/\/les-lourdes-dingues.fr\/index.php\/wp-json\/wp\/v2\/pages\/308\/revisions\/563"}],"wp:featuredmedia":[{"embeddable":true,"href":"https:\/\/les-lourdes-dingues.fr\/index.php\/wp-json\/wp\/v2\/media\/552"}],"wp:attachment":[{"href":"https:\/\/les-lourdes-dingues.fr\/index.php\/wp-json\/wp\/v2\/media?parent=308"}],"curies":[{"name":"wp","href":"https:\/\/api.w.org\/{rel}","templated":true}]}}